{"id":71,"date":"2024-02-24T02:22:04","date_gmt":"2024-02-24T02:22:04","guid":{"rendered":"https:\/\/illimaniculturasdelsur.org\/contact\/"},"modified":"2024-04-29T14:49:15","modified_gmt":"2024-04-29T14:49:15","slug":"contacto","status":"publish","type":"page","link":"https:\/\/illimaniculturasdelsur.org\/en\/contacto\/","title":{"rendered":"Contact"},"content":{"rendered":"<style>.kb-row-layout-id71_6318ca-0c > .kt-row-column-wrap{align-content:end;}:where(.kb-row-layout-id71_6318ca-0c > .kt-row-column-wrap) > .wp-block-kadence-column{justify-content:end;}.kb-row-layout-id71_6318ca-0c > .kt-row-column-wrap{column-gap:var(--global-kb-gap-md, 2rem);row-gap:var(--global-kb-gap-md, 2rem);max-width:var( --global-content-width, 1290px );padding-left:var(--global-content-edge-padding);padding-right:var(--global-content-edge-padding);padding-top:var(--global-kb-spacing-5xl, 10rem);padding-bottom:var(--global-kb-spacing-4xl, 8rem);min-height:600px;grid-template-columns:minmax(0, 1fr);}.kb-row-layout-id71_6318ca-0c{background-image:url('https:\/\/illimaniculturasdelsur.org\/wp-content\/uploads\/2024\/03\/collage-intillimani-scaled.jpg');background-size:cover;background-position:center center;background-attachment:scroll;background-repeat:no-repeat;}.kb-row-layout-id71_6318ca-0c > .kt-row-layout-overlay{opacity:0.70;background-color:var(--global-palette1, #3182CE);mix-blend-mode:normal;}@media all and (max-width: 1024px){.kb-row-layout-id71_6318ca-0c > .kt-row-column-wrap{grid-template-columns:minmax(0, 1fr);}}@media all and (max-width: 767px){.kb-row-layout-id71_6318ca-0c > .kt-row-column-wrap{padding-top:var(--global-kb-spacing-xl, 4rem);padding-bottom:var(--global-kb-spacing-xl, 4rem);grid-template-columns:minmax(0, 1fr);}}<\/style><div class=\"kb-row-layout-wrap kb-row-layout-id71_6318ca-0c alignfull kt-row-has-bg wp-block-kadence-rowlayout\"><div class=\"kt-row-layout-overlay kt-row-overlay-normal\"><\/div><div class=\"kt-row-column-wrap kt-has-1-columns kt-row-layout-equal kt-tab-layout-inherit kt-mobile-layout-row kt-row-valign-bottom kb-theme-content-width\">\n<style>.kadence-column71_1a7156-10 > .kt-inside-inner-col,.kadence-column71_1a7156-10 > .kt-inside-inner-col:before{border-top-left-radius:0px;border-top-right-radius:0px;border-bottom-right-radius:0px;border-bottom-left-radius:0px;}.kadence-column71_1a7156-10 > .kt-inside-inner-col{column-gap:var(--global-kb-gap-sm, 1rem);}.kadence-column71_1a7156-10 > .kt-inside-inner-col{flex-direction:column;}.kadence-column71_1a7156-10 > .kt-inside-inner-col > .aligncenter{width:100%;}.kadence-column71_1a7156-10 > .kt-inside-inner-col:before{opacity:0.3;}.kadence-column71_1a7156-10{position:relative;}@media all and (max-width: 1024px){.kadence-column71_1a7156-10 > .kt-inside-inner-col{flex-direction:column;}}@media all and (max-width: 767px){.kadence-column71_1a7156-10 > .kt-inside-inner-col{flex-direction:column;}}<\/style>\n<div class=\"wp-block-kadence-column kadence-column71_1a7156-10 inner-column-1\"><div class=\"kt-inside-inner-col\"><style>.wp-block-kadence-spacer.kt-block-spacer-71_89e4cc-3a .kt-block-spacer{height:40px;}.wp-block-kadence-spacer.kt-block-spacer-71_89e4cc-3a .kt-divider{border-top-width:1px;height:1px;border-top-color:var(--global-palette1, #3182CE);width:15%;border-top-style:solid;}<\/style>\n<div class=\"wp-block-kadence-spacer aligncenter kt-block-spacer-71_89e4cc-3a\"><div class=\"kt-block-spacer kt-block-spacer-halign-center\"><hr class=\"kt-divider\"\/><\/div><\/div>\n\n\n<style>.wp-block-kadence-advancedheading.kt-adv-heading71_e3f80c-b5, .wp-block-kadence-advancedheading.kt-adv-heading71_e3f80c-b5[data-kb-block=\"kb-adv-heading71_e3f80c-b5\"]{padding-top:0px;margin-top:0px;text-align:center;font-size:var(--global-kb-font-size-lg, 2rem);line-height:1.1;font-style:normal;}.wp-block-kadence-advancedheading.kt-adv-heading71_e3f80c-b5 mark.kt-highlight, .wp-block-kadence-advancedheading.kt-adv-heading71_e3f80c-b5[data-kb-block=\"kb-adv-heading71_e3f80c-b5\"] mark.kt-highlight{font-style:normal;color:#f76a0c;-webkit-box-decoration-break:clone;box-decoration-break:clone;padding-top:0px;padding-right:0px;padding-bottom:0px;padding-left:0px;}@media all and (max-width: 1024px){.wp-block-kadence-advancedheading.kt-adv-heading71_e3f80c-b5, .wp-block-kadence-advancedheading.kt-adv-heading71_e3f80c-b5[data-kb-block=\"kb-adv-heading71_e3f80c-b5\"]{font-size:60px;}}@media all and (max-width: 767px){.wp-block-kadence-advancedheading.kt-adv-heading71_e3f80c-b5, .wp-block-kadence-advancedheading.kt-adv-heading71_e3f80c-b5[data-kb-block=\"kb-adv-heading71_e3f80c-b5\"]{font-size:40px;}}<\/style>\n<h1 class=\"kt-adv-heading71_e3f80c-b5 wp-block-kadence-advancedheading has-theme-palette-9-color has-text-color\" data-kb-block=\"kb-adv-heading71_e3f80c-b5\">Write to us at: contacto@illiman\u00edcolasdelsur.org<\/h1>\n\n\n<style>.wp-block-kadence-advancedheading.kt-adv-heading71_aab648-ee, .wp-block-kadence-advancedheading.kt-adv-heading71_aab648-ee[data-kb-block=\"kb-adv-heading71_aab648-ee\"]{max-width:600px;margin-right:auto;margin-left:auto;text-align:center;font-style:normal;}.wp-block-kadence-advancedheading.kt-adv-heading71_aab648-ee mark.kt-highlight, .wp-block-kadence-advancedheading.kt-adv-heading71_aab648-ee[data-kb-block=\"kb-adv-heading71_aab648-ee\"] mark.kt-highlight{font-style:normal;color:#f76a0c;-webkit-box-decoration-break:clone;box-decoration-break:clone;padding-top:0px;padding-right:0px;padding-bottom:0px;padding-left:0px;}<\/style>\n<p class=\"kt-adv-heading71_aab648-ee wp-block-kadence-advancedheading has-theme-palette-8-color has-text-color\" data-kb-block=\"kb-adv-heading71_aab648-ee\"><\/p>\n<\/div><\/div>\n\n<\/div><\/div>\n\n<style>.kb-row-layout-id71_439d73-e1 > .kt-row-column-wrap{align-content:start;}:where(.kb-row-layout-id71_439d73-e1 > .kt-row-column-wrap) > .wp-block-kadence-column{justify-content:start;}.kb-row-layout-id71_439d73-e1 > .kt-row-column-wrap{column-gap:var(--global-kb-gap-md, 2rem);row-gap:var(--global-kb-gap-md, 2rem);max-width:700px;margin-left:auto;margin-right:auto;padding-top:var(--global-kb-spacing-xxl, 5rem);padding-bottom:var(--global-kb-spacing-xxl, 5rem);grid-template-columns:minmax(0, 1fr);}.kb-row-layout-id71_439d73-e1{background-image:url('https:\/\/illimaniculturasdelsur.org\/wp-content\/uploads\/2024\/02\/Example-Background-Image.jpg');background-size:cover;background-position:center center;background-attachment:scroll;background-repeat:no-repeat;}.kb-row-layout-id71_439d73-e1 > .kt-row-layout-overlay{opacity:0.85;background-color:var(--global-palette4, #2D3748);}@media all and (max-width: 1024px){.kb-row-layout-id71_439d73-e1 > .kt-row-column-wrap{grid-template-columns:minmax(0, 1fr);}}@media all and (max-width: 767px){.kb-row-layout-id71_439d73-e1 > .kt-row-column-wrap{grid-template-columns:minmax(0, 1fr);}}<\/style><div class=\"kb-row-layout-wrap kb-row-layout-id71_439d73-e1 alignfull has-theme-palette4-background-color kt-row-has-bg wp-block-kadence-rowlayout\"><div class=\"kt-row-layout-overlay kt-row-overlay-normal\"><\/div><div class=\"kt-row-column-wrap kt-has-1-columns kt-row-layout-equal kt-tab-layout-inherit kt-mobile-layout-row kt-row-valign-top\">\n<style>.kadence-column71_7c4940-a8 > .kt-inside-inner-col,.kadence-column71_7c4940-a8 > .kt-inside-inner-col:before{border-top-left-radius:0px;border-top-right-radius:0px;border-bottom-right-radius:0px;border-bottom-left-radius:0px;}.kadence-column71_7c4940-a8 > .kt-inside-inner-col{column-gap:var(--global-kb-gap-sm, 1rem);}.kadence-column71_7c4940-a8 > .kt-inside-inner-col{flex-direction:column;}.kadence-column71_7c4940-a8 > .kt-inside-inner-col > .aligncenter{width:100%;}.kadence-column71_7c4940-a8 > .kt-inside-inner-col:before{opacity:0.3;}.kadence-column71_7c4940-a8{position:relative;}@media all and (max-width: 1024px){.kadence-column71_7c4940-a8 > .kt-inside-inner-col{flex-direction:column;}}@media all and (max-width: 767px){.kadence-column71_7c4940-a8 > .kt-inside-inner-col{flex-direction:column;}}<\/style>\n<div class=\"wp-block-kadence-column kadence-column71_7c4940-a8 inner-column-1\"><div class=\"kt-inside-inner-col\"><style>.wp-block-kadence-advancedheading.kt-adv-heading71_c07e25-6c, .wp-block-kadence-advancedheading.kt-adv-heading71_c07e25-6c[data-kb-block=\"kb-adv-heading71_c07e25-6c\"]{text-align:center;font-style:normal;}.wp-block-kadence-advancedheading.kt-adv-heading71_c07e25-6c mark.kt-highlight, .wp-block-kadence-advancedheading.kt-adv-heading71_c07e25-6c[data-kb-block=\"kb-adv-heading71_c07e25-6c\"] mark.kt-highlight{font-style:normal;color:#f76a0c;-webkit-box-decoration-break:clone;box-decoration-break:clone;padding-top:0px;padding-right:0px;padding-bottom:0px;padding-left:0px;}<\/style>\n<h2 class=\"kt-adv-heading71_c07e25-6c wp-block-kadence-advancedheading has-theme-palette-9-color has-text-color\" data-kb-block=\"kb-adv-heading71_c07e25-6c\">Or leave us a message:<\/h2>\n\n\n<style>.wp-block-kadence-form.kadence-form-71_308ef9-91.kb-form-wrap{margin-top:0px;margin-bottom:0px;}.kadence-form-71_308ef9-91 .kb-form .kadence-blocks-form-field .kb-text-style-field, .kadence-form-71_308ef9-91 .kb-form .kadence-blocks-form-field .kb-select-style-field{color:var(--global-palette9, #ffffff);border-radius:0px;border-width:0px 0px 2px 0px;background:rgba(0, 0, 0, 0);border-color:var(--global-palette1, #3182CE);}.kadence-form-71_308ef9-91 .kb-form .kadence-blocks-form-field > label{color:var(--global-palette9, #ffffff);font-size:var(--global-kb-font-size-sm, 0.9rem);}.kadence-form-71_308ef9-91 .kb-form .kadence-blocks-form-field .kb-forms-submit{border-radius:5px;background:var(--global-palette1, #3182CE);}.kadence-form-71_308ef9-91 .kb-form .kadence-blocks-form-field .kb-forms-submit:hover, .kadence-form-71_308ef9-91 .kb-form .kadence-blocks-form-field .kb-forms-submit:focus {background:var(--global-palette2, #2B6CB0);}.kadence-form-71_308ef9-91 .kb-form .kadence-blocks-form-field .kb-forms-submit{font-size:var(--global-kb-font-size-sm, 0.9rem);letter-spacing:1px;text-transform:uppercase;font-weight:600;}<\/style>\n<div class=\"wp-block-kadence-form kadence-form-71_308ef9-91 kb-form-wrap\"><form class=\"kb-form\" action=\"\" method=\"post\" data-trp-original-action=\"\"><div class=\"kadence-blocks-form-field kb-field-desk-width-100 kb-input-size-standard\"><label for=\"kb_field_71_308ef9-91_0\">Name<\/label><input name=\"kb_field_0\" id=\"kb_field_71_308ef9-91_0\" data-label=\"Nombre\" type=\"text\" placeholder=\"\" value=\"\" data-type=\"text\" class=\"kb-field kb-text-style-field kb-text-field kb-field-0\"\/><\/div><div class=\"kadence-blocks-form-field kb-form-field-1 kb-field-desk-width-100 kb-input-size-standard\"><label for=\"kb_field_71_308ef9-91_1\">Email<span class=\"required\">*<\/span><\/label><input name=\"kb_field_1\" id=\"kb_field_71_308ef9-91_1\" data-label=\"Correo electr\u00f3nico\" type=\"email\" placeholder=\"\" value=\"\" data-type=\"email\" class=\"kb-field kb-text-style-field kb-email-field kb-field-1\" data-required=\"yes\"\/><\/div><div class=\"kadence-blocks-form-field kb-form-field-2 kb-field-desk-width-50 kb-input-size-standard\"><label for=\"kb_field_71_308ef9-91_2\">Country of residence<\/label><input name=\"kb_field_2\" id=\"kb_field_71_308ef9-91_2\" data-label=\"Pa\u00eds de residencia\" type=\"tel\" placeholder=\"\" value=\"\" data-type=\"tel\" class=\"kb-field kb-text-style-field kb-tel-field kb-field-2\"\/><\/div><div class=\"kadence-blocks-form-field kb-form-field-3 kb-field-desk-width-50 kb-input-size-standard\"><label for=\"kb_field_71_308ef9-91_3\">City of residence<\/label><input name=\"kb_field_3\" id=\"kb_field_71_308ef9-91_3\" data-label=\"Ciudad de residencia\" type=\"text\" placeholder=\"\" value=\"\" data-type=\"text\" class=\"kb-field kb-text-style-field kb-text-field kb-field-3\"\/><\/div><div class=\"kadence-blocks-form-field kb-form-field-4 kb-field-desk-width-100 kb-input-size-standard\"><label for=\"kb_field_71_308ef9-91_4\">Affair<\/label><input name=\"kb_field_4\" id=\"kb_field_71_308ef9-91_4\" data-label=\"Asunto\" type=\"text\" placeholder=\"\" value=\"\" data-type=\"text\" class=\"kb-field kb-text-style-field kb-text-field kb-field-4\"\/><\/div><div class=\"kadence-blocks-form-field kb-form-field-5 kb-field-desk-width-100 kb-input-size-standard\"><label for=\"kb_field_71_308ef9-91_5\">Message<span class=\"required\">*<\/span><\/label><textarea name=\"kb_field_5\" id=\"kb_field_71_308ef9-91_5\" data-label=\"Mensaje\" type=\"textarea\" placeholder=\"\" data-type=\"textarea\" class=\"kb-field kb-text-style-field kb-textarea-field kb-field-5\" rows=\"4\" data-required=\"yes\"><\/textarea><\/div><input type=\"hidden\" name=\"_kb_form_id\" value=\"71_308ef9-91\"\/><input type=\"hidden\" name=\"_kb_form_post_id\" value=\"71\"\/><input type=\"hidden\" name=\"action\" value=\"kb_process_ajax_submit\"\/><input class=\"kadence-blocks-field verify\" type=\"text\" name=\"_kb_verify_email\" autocomplete=\"new-password\" aria-hidden=\"true\" placeholder=\"E-mail\" tabindex=\"-1\" data-1p-ignore=\"true\" data-lpignore=\"true\" \/><div class=\"kadence-blocks-form-field kb-submit-field kb-field-desk-width-100\"><button class=\"kb-forms-submit button kb-button-size-standard kb-button-width-full\">Send Message<\/button><\/div><input type=\"hidden\" name=\"trp-form-language\" value=\"en\"\/><\/form><\/div>\n<noscript><div class=\"kadence-blocks-form-message kadence-blocks-form-warning\">Please enable JavaScript in your browser to submit the form<\/div><style>.kadence-form-71_308ef9-91 .kadence-blocks-form-field.kb-submit-field { display: none; }<\/style><\/noscript><\/div><\/div>\n\n<\/div><\/div>","protected":false},"excerpt":{"rendered":"<p>Write to us at: contacto@illiman\u00edcolasdelsur.org Or leave us a message:<\/p>","protected":false},"author":1,"featured_media":0,"parent":0,"menu_order":0,"comment_status":"closed","ping_status":"closed","template":"","meta":{"_kad_post_transparent":"","_kad_post_title":"hide","_kad_post_layout":"fullwidth","_kad_post_sidebar_id":"","_kad_post_content_style":"unboxed","_kad_post_vertical_padding":"hide","_kad_post_feature":"hide","_kad_post_feature_position":"","_kad_post_header":false,"_kad_post_footer":false,"footnotes":""},"class_list":["post-71","page","type-page","status-publish","hentry"],"yoast_head":"<!-- This site is optimized with the Yoast SEO plugin v24.0 - https:\/\/yoast.com\/wordpress\/plugins\/seo\/ -->\n<title>Contacto - Fundaci\u00f3n Sol del Illimani<\/title>\n<meta name=\"robots\" content=\"index, follow, max-snippet:-1, max-image-preview:large, max-video-preview:-1\" \/>\n<link rel=\"canonical\" href=\"https:\/\/illimaniculturasdelsur.org\/en\/contacto\/\" \/>\n<meta property=\"og:locale\" content=\"en_US\" \/>\n<meta property=\"og:type\" content=\"article\" \/>\n<meta property=\"og:title\" content=\"Contacto - Fundaci\u00f3n Sol del Illimani\" \/>\n<meta property=\"og:description\" content=\"Escr\u00edbenos a: contacto@illimaniculturasdelsur.org O d\u00e9janos un mensaje:\" \/>\n<meta property=\"og:url\" content=\"https:\/\/illimaniculturasdelsur.org\/en\/contacto\/\" \/>\n<meta property=\"og:site_name\" content=\"Fundaci\u00f3n Sol del Illimani\" \/>\n<meta property=\"article:publisher\" content=\"https:\/\/www.facebook.com\/profile.php?id=100070380032038\" \/>\n<meta property=\"article:modified_time\" content=\"2024-04-29T14:49:15+00:00\" \/>\n<meta name=\"twitter:card\" content=\"summary_large_image\" \/>\n<meta name=\"twitter:site\" content=\"@fsoldelillimani\" \/>\n<meta name=\"twitter:label1\" content=\"Est. reading time\" \/>\n\t<meta name=\"twitter:data1\" content=\"1 minute\" \/>\n<script type=\"application\/ld+json\" class=\"yoast-schema-graph\">{\"@context\":\"https:\/\/schema.org\",\"@graph\":[{\"@type\":\"WebPage\",\"@id\":\"https:\/\/illimaniculturasdelsur.org\/contacto\/\",\"url\":\"https:\/\/illimaniculturasdelsur.org\/contacto\/\",\"name\":\"Contacto - Fundaci\u00f3n Sol del Illimani\",\"isPartOf\":{\"@id\":\"https:\/\/illimaniculturasdelsur.org\/en\/#website\"},\"datePublished\":\"2024-02-24T02:22:04+00:00\",\"dateModified\":\"2024-04-29T14:49:15+00:00\",\"breadcrumb\":{\"@id\":\"https:\/\/illimaniculturasdelsur.org\/contacto\/#breadcrumb\"},\"inLanguage\":\"en-US\",\"potentialAction\":[{\"@type\":\"ReadAction\",\"target\":[\"https:\/\/illimaniculturasdelsur.org\/contacto\/\"]}]},{\"@type\":\"BreadcrumbList\",\"@id\":\"https:\/\/illimaniculturasdelsur.org\/contacto\/#breadcrumb\",\"itemListElement\":[{\"@type\":\"ListItem\",\"position\":1,\"name\":\"Portada\",\"item\":\"https:\/\/illimaniculturasdelsur.org\/\"},{\"@type\":\"ListItem\",\"position\":2,\"name\":\"Contacto\"}]},{\"@type\":\"WebSite\",\"@id\":\"https:\/\/illimaniculturasdelsur.org\/en\/#website\",\"url\":\"https:\/\/illimaniculturasdelsur.org\/en\/\",\"name\":\"Fundaci\u00f3n Sol del Illimani\",\"description\":\"Culturas del Sur\",\"publisher\":{\"@id\":\"https:\/\/illimaniculturasdelsur.org\/en\/#organization\"},\"potentialAction\":[{\"@type\":\"SearchAction\",\"target\":{\"@type\":\"EntryPoint\",\"urlTemplate\":\"https:\/\/illimaniculturasdelsur.org\/en\/?s={search_term_string}\"},\"query-input\":{\"@type\":\"PropertyValueSpecification\",\"valueRequired\":true,\"valueName\":\"search_term_string\"}}],\"inLanguage\":\"en-US\"},{\"@type\":\"Organization\",\"@id\":\"https:\/\/illimaniculturasdelsur.org\/en\/#organization\",\"name\":\"Fundaci\u00f3n Sol del Illimani\",\"url\":\"https:\/\/illimaniculturasdelsur.org\/en\/\",\"logo\":{\"@type\":\"ImageObject\",\"inLanguage\":\"en-US\",\"@id\":\"https:\/\/illimaniculturasdelsur.org\/en\/#\/schema\/logo\/image\/\",\"url\":\"https:\/\/illimaniculturasdelsur.org\/wp-content\/uploads\/2024\/03\/illimani-logo-1.png\",\"contentUrl\":\"https:\/\/illimaniculturasdelsur.org\/wp-content\/uploads\/2024\/03\/illimani-logo-1.png\",\"width\":172,\"height\":88,\"caption\":\"Fundaci\u00f3n Sol del Illimani\"},\"image\":{\"@id\":\"https:\/\/illimaniculturasdelsur.org\/en\/#\/schema\/logo\/image\/\"},\"sameAs\":[\"https:\/\/www.facebook.com\/profile.php?id=100070380032038\",\"https:\/\/x.com\/fsoldelillimani\",\"https:\/\/www.instagram.com\/fundacionsoldelillimani\/\"]}]}<\/script>\n<!-- \/ Yoast SEO plugin. -->","yoast_head_json":{"title":"Contacto - Fundaci\u00f3n Sol del Illimani","robots":{"index":"index","follow":"follow","max-snippet":"max-snippet:-1","max-image-preview":"max-image-preview:large","max-video-preview":"max-video-preview:-1"},"canonical":"https:\/\/illimaniculturasdelsur.org\/en\/contacto\/","og_locale":"en_US","og_type":"article","og_title":"Contacto - Fundaci\u00f3n Sol del Illimani","og_description":"Escr\u00edbenos a: contacto@illimaniculturasdelsur.org O d\u00e9janos un mensaje:","og_url":"https:\/\/illimaniculturasdelsur.org\/en\/contacto\/","og_site_name":"Fundaci\u00f3n Sol del Illimani","article_publisher":"https:\/\/www.facebook.com\/profile.php?id=100070380032038","article_modified_time":"2024-04-29T14:49:15+00:00","twitter_card":"summary_large_image","twitter_site":"@fsoldelillimani","twitter_misc":{"Est. reading time":"1 minute"},"schema":{"@context":"https:\/\/schema.org","@graph":[{"@type":"WebPage","@id":"https:\/\/illimaniculturasdelsur.org\/contacto\/","url":"https:\/\/illimaniculturasdelsur.org\/contacto\/","name":"Contacto - Fundaci\u00f3n Sol del Illimani","isPartOf":{"@id":"https:\/\/illimaniculturasdelsur.org\/en\/#website"},"datePublished":"2024-02-24T02:22:04+00:00","dateModified":"2024-04-29T14:49:15+00:00","breadcrumb":{"@id":"https:\/\/illimaniculturasdelsur.org\/contacto\/#breadcrumb"},"inLanguage":"en-US","potentialAction":[{"@type":"ReadAction","target":["https:\/\/illimaniculturasdelsur.org\/contacto\/"]}]},{"@type":"BreadcrumbList","@id":"https:\/\/illimaniculturasdelsur.org\/contacto\/#breadcrumb","itemListElement":[{"@type":"ListItem","position":1,"name":"Portada","item":"https:\/\/illimaniculturasdelsur.org\/"},{"@type":"ListItem","position":2,"name":"Contacto"}]},{"@type":"WebSite","@id":"https:\/\/illimaniculturasdelsur.org\/en\/#website","url":"https:\/\/illimaniculturasdelsur.org\/en\/","name":"Fundaci\u00f3n Sol del Illimani","description":"Culturas del Sur","publisher":{"@id":"https:\/\/illimaniculturasdelsur.org\/en\/#organization"},"potentialAction":[{"@type":"SearchAction","target":{"@type":"EntryPoint","urlTemplate":"https:\/\/illimaniculturasdelsur.org\/en\/?s={search_term_string}"},"query-input":{"@type":"PropertyValueSpecification","valueRequired":true,"valueName":"search_term_string"}}],"inLanguage":"en-US"},{"@type":"Organization","@id":"https:\/\/illimaniculturasdelsur.org\/en\/#organization","name":"Fundaci\u00f3n Sol del Illimani","url":"https:\/\/illimaniculturasdelsur.org\/en\/","logo":{"@type":"ImageObject","inLanguage":"en-US","@id":"https:\/\/illimaniculturasdelsur.org\/en\/#\/schema\/logo\/image\/","url":"https:\/\/illimaniculturasdelsur.org\/wp-content\/uploads\/2024\/03\/illimani-logo-1.png","contentUrl":"https:\/\/illimaniculturasdelsur.org\/wp-content\/uploads\/2024\/03\/illimani-logo-1.png","width":172,"height":88,"caption":"Fundaci\u00f3n Sol del Illimani"},"image":{"@id":"https:\/\/illimaniculturasdelsur.org\/en\/#\/schema\/logo\/image\/"},"sameAs":["https:\/\/www.facebook.com\/profile.php?id=100070380032038","https:\/\/x.com\/fsoldelillimani","https:\/\/www.instagram.com\/fundacionsoldelillimani\/"]}]}},"_links":{"self":[{"href":"https:\/\/illimaniculturasdelsur.org\/en\/wp-json\/wp\/v2\/pages\/71","targetHints":{"allow":["GET"]}}],"collection":[{"href":"https:\/\/illimaniculturasdelsur.org\/en\/wp-json\/wp\/v2\/pages"}],"about":[{"href":"https:\/\/illimaniculturasdelsur.org\/en\/wp-json\/wp\/v2\/types\/page"}],"author":[{"embeddable":true,"href":"https:\/\/illimaniculturasdelsur.org\/en\/wp-json\/wp\/v2\/users\/1"}],"replies":[{"embeddable":true,"href":"https:\/\/illimaniculturasdelsur.org\/en\/wp-json\/wp\/v2\/comments?post=71"}],"version-history":[{"count":8,"href":"https:\/\/illimaniculturasdelsur.org\/en\/wp-json\/wp\/v2\/pages\/71\/revisions"}],"predecessor-version":[{"id":309,"href":"https:\/\/illimaniculturasdelsur.org\/en\/wp-json\/wp\/v2\/pages\/71\/revisions\/309"}],"wp:attachment":[{"href":"https:\/\/illimaniculturasdelsur.org\/en\/wp-json\/wp\/v2\/media?parent=71"}],"curies":[{"name":"wp","href":"https:\/\/api.w.org\/{rel}","templated":true}]}}